{"id":1269,"date":"2022-11-02T16:27:05","date_gmt":"2022-11-02T16:27:05","guid":{"rendered":"https:\/\/alipanc.org\/groups\/"},"modified":"2026-01-16T20:03:00","modified_gmt":"2026-01-16T20:03:00","slug":"groups","status":"publish","type":"page","link":"https:\/\/alipanc.org\/en\/groups\/","title":{"rendered":"Groups"},"content":{"rendered":"<p>[et_pb_section fb_built=&#8221;1&#8243; custom_padding_last_edited=&#8221;on|desktop&#8221; admin_label=&#8221;Header&#8221; _builder_version=&#8221;4.27.4&#8243; background_color=&#8221;#792D8C&#8221; use_background_color_gradient=&#8221;on&#8221; background_color_gradient_type=&#8221;circular&#8221; background_color_gradient_direction_radial=&#8221;top left&#8221; background_color_gradient_stops=&#8221;rgba(121,45,140,0.89) 20%|rgba(0,56,94,0) 100%&#8221; background_color_gradient_overlays_image=&#8221;on&#8221; background_color_gradient_start=&#8221;rgba(0,39,91,0.75)&#8221; background_color_gradient_start_position=&#8221;19%&#8221; background_color_gradient_end=&#8221;rgba(0,56,94,0)&#8221; background_enable_image=&#8221;off&#8221; min_height=&#8221;29.2px&#8221; custom_padding=&#8221;2vh|0|0vh||false|false&#8221; custom_padding_tablet=&#8221;10vh||10vh||false&#8221; custom_padding_phone=&#8221;5vh|0|11vh||false|false&#8221; top_divider_style=&#8221;curve&#8221; top_divider_color=&#8221;rgba(12,113,195,0.11)&#8221; top_divider_height=&#8221;75%&#8221; top_divider_repeat=&#8221;1x&#8221; top_divider_flip=&#8221;horizontal&#8221; top_divider_height_tablet=&#8221;41%&#8221; top_divider_height_phone=&#8221;26%&#8221; top_divider_height_last_edited=&#8221;on|phone&#8221; bottom_divider_color=&#8221;#ffffff&#8221; bottom_divider_height=&#8221;3vw&#8221; bottom_divider_flip=&#8221;vertical&#8221; global_colors_info=&#8221;{}&#8221;][et_pb_row _builder_version=&#8221;4.16&#8243; min_height=&#8221;50.7px&#8221; custom_margin=&#8221;-9px|auto||auto||&#8221; custom_padding=&#8221;0px||0px|||&#8221; global_colors_info=&#8221;{}&#8221;][et_pb_column type=&#8221;4_4&#8243; _builder_version=&#8221;4.16&#8243; custom_padding=&#8221;|||&#8221; global_colors_info=&#8221;{}&#8221; custom_padding__hover=&#8221;|||&#8221;][et_pb_text _builder_version=&#8221;4.18.1&#8243; text_font=&#8221;||||||||&#8221; ul_font=&#8221;||||||||&#8221; ol_font=&#8221;||||||||&#8221; header_font=&#8221;|700|||||||&#8221; header_font_size=&#8221;64px&#8221; header_letter_spacing=&#8221;1px&#8221; header_line_height=&#8221;1.2em&#8221; header_2_font=&#8221;||||||||&#8221; header_2_font_size=&#8221;33px&#8221; header_2_letter_spacing=&#8221;1px&#8221; header_2_line_height=&#8221;1.4em&#8221; header_3_font=&#8221;||||||||&#8221; header_4_font=&#8221;||||||||&#8221; header_5_font=&#8221;||||||||&#8221; header_6_font=&#8221;||||||||&#8221; background_layout=&#8221;dark&#8221; module_alignment=&#8221;left&#8221; min_height=&#8221;65.3px&#8221; custom_margin=&#8221;||-4px|||&#8221; custom_padding=&#8221;||0px|||&#8221; animation_style=&#8221;slide&#8221; animation_direction=&#8221;left&#8221; animation_intensity_slide=&#8221;2%&#8221; header_font_size_tablet=&#8221;64px&#8221; header_font_size_phone=&#8221;42px&#8221; header_font_size_last_edited=&#8221;on|phone&#8221; header_2_font_size_tablet=&#8221;36px&#8221; header_2_font_size_phone=&#8221;32px&#8221; header_2_font_size_last_edited=&#8221;on|phone&#8221; global_colors_info=&#8221;{}&#8221;]<\/p>\n<h2><strong><span style=\"font-size: x-large;\">Collaboration groups<\/span><\/strong><\/h2>\n<p>[\/et_pb_text][\/et_pb_column][\/et_pb_row][\/et_pb_section][et_pb_section fb_built=&#8221;1&#8243; fullwidth=&#8221;on&#8221; _builder_version=&#8221;4.27.4&#8243; _module_preset=&#8221;default&#8221; global_colors_info=&#8221;{}&#8221;][et_pb_fullwidth_code _builder_version=&#8221;4.27.4&#8243; _module_preset=&#8221;default&#8221; hover_enabled=&#8221;0&#8243; global_colors_info=&#8221;{}&#8221; sticky_enabled=&#8221;0&#8243;]<iframe<!-- [et_pb_line_break_holder] -->    src=&#8221;https:\/\/pemsepe.github.io\/ALIPANC\/&#8221;<!-- [et_pb_line_break_holder] -->    width=&#8221;100%&#8221;<!-- [et_pb_line_break_holder] -->    height=&#8221;600px&#8221;  frameborder=&#8221;0&#8243;<!-- [et_pb_line_break_holder] -->    scrolling=&#8221;auto&#8221;<!-- [et_pb_line_break_holder] -->    allowfullscreen<!-- [et_pb_line_break_holder] -->><\/iframe><!-- [et_pb_line_break_holder] -->[\/et_pb_fullwidth_code][\/et_pb_section][et_pb_section fb_built=&#8221;1&#8243; admin_label=&#8221;Services&#8221; _builder_version=&#8221;4.16&#8243; custom_margin=&#8221;||-13px||false|false&#8221; custom_padding=&#8221;1px||116px|||&#8221; collapsed=&#8221;off&#8221; global_colors_info=&#8221;{}&#8221;][et_pb_row _builder_version=&#8221;4.23.1&#8243; _module_preset=&#8221;default&#8221; width=&#8221;95%&#8221; global_colors_info=&#8221;{}&#8221;][et_pb_column type=&#8221;4_4&#8243; _builder_version=&#8221;4.18.1&#8243; _module_preset=&#8221;default&#8221; global_colors_info=&#8221;{}&#8221;][dpdfg_filtergrid custom_query=&#8221;advanced&#8221; multiple_cpt=&#8221;grupo&#8221; use_taxonomy_terms=&#8221;on&#8221; multiple_taxonomies=&#8221;investigacion&#8221; taxonomies_relation=&#8221;AND&#8221; include_terms=&#8221;45,46,59,63,61&#8243; post_number=&#8221;30&#8243; order=&#8221;ASC&#8221; orderby=&#8221;title&#8221; no_results=&#8221;No search results&#8221; show_thumbnail=&#8221;off&#8221; use_overlay=&#8221;off&#8221; title_link=&#8221;on&#8221; show_post_meta=&#8221;off&#8221; show_content=&#8221;on&#8221; truncate_excerpt=&#8221;on&#8221; custom_content_container=&#8221;off&#8221; clear_filters=&#8221;on&#8221; filter_taxonomies=&#8221;investigacion&#8221; filter_terms=&#8221;46,45,59&#8243; filters_order=&#8221;DESC&#8221; previous_text=&#8221;Previous&#8221; next_text=&#8221;Next&#8221; items_layout=&#8221;dp-dfg-layout-flex&#8221; items_width_flex=&#8221;48%&#8221; dfg_loader=&#8221;c1&#8243; dfg_lc1=&#8221;#4E148C&#8221; dfg_lc2=&#8221;rgba(121,115,140,0.59)&#8221; show_search=&#8221;on&#8221; relevanssi=&#8221;on&#8221; grid_font_size_last_edited=&#8221;off|desktop&#8221; admin_label=&#8221;Divi FilterGrid&#8221; _builder_version=&#8221;4.24.2&#8243; _module_preset=&#8221;default&#8221; dpdfg_entry_title_level=&#8221;h6&#8243; dpdfg_entry_title_font=&#8221;|600|||||||&#8221; dpdfg_entry_title_text_align=&#8221;left&#8221; dpdfg_entry_title_font_size=&#8221;16px&#8221; dpdfg_entry_title_line_height=&#8221;1.2em&#8221; dpdfg_entry_summary_text_align=&#8221;left&#8221; dpdfg_entry_summary_font_size=&#8221;13px&#8221; dpdfg_entry_summary_line_height=&#8221;1.2em&#8221; dpdfg_filters_text_color=&#8221;#4E148C&#8221; dpdfg_sort_font_size=&#8221;13px&#8221; background_enable_color=&#8221;off&#8221; width=&#8221;100%&#8221; width_tablet=&#8221;90%&#8221; width_phone=&#8221;90%&#8221; width_last_edited=&#8221;on|phone&#8221; module_alignment=&#8221;center&#8221; custom_margin=&#8221;||||false|false&#8221; child_mix_blend_mode=&#8221;multiply&#8221; custom_css_dp-dfg-filters=&#8221;margin-bottom: 20px;&#8221; custom_css_entry-header=&#8221;margin-top: 0px;||margin-bottom: 0px;||padding-top: 0px;||padding-bottom: 0px;&#8221; custom_css_entry-summary=&#8221;margin-top: 0px;||margin-bottom: 0px;&#8221; border_width_all=&#8221;0px&#8221; border_color_all=&#8221;#e2e2e2&#8243; border_width_bottom=&#8221;1px&#8221; global_colors_info=&#8221;{}&#8221;][\/dpdfg_filtergrid][\/et_pb_column][\/et_pb_row][\/et_pb_section]<\/p>\n","protected":false},"excerpt":{"rendered":"<p>Collaboration groups<div class=\"et_pb_module dpdfg_filtergrid dpdfg_filtergrid_0\">\n\t\t\t\t\n\t\t\t\t\n\t\t\t\t\n\t\t\t\t\n\t\t\t\t\n\t\t\t\t\n\t\t\t\t<div class=\"et_pb_module_inner\">\n\t\t\t\t\t<!-- DPDFG Start Main Container --><div class=\"dp-dfg-container &#8221;dp-dfg-layout-flex&#8221; dp-dfg-skin-default dp-dfg-skin-top-filters\" data-active-filter=\"all\" data-page=\"1\" data-found-posts=\"50\" data-post-number=\"0\" data-default-filter=\"All\" data-link-filter=\"\" data-cache=\"off\" data-ratio=\"0.71\" data-show-thumb=\"&#8221;off&#8221;\" data-action=\"link\" data-new-window=\"off\" data-filters=\"on\" data-date-filters=\"off\" data-multifilter=\"off|OR\" data-multilevel=\"off|AND|off\" data-sorting=\"off\" data-order=\"&#8221;ASC&#8221;\" data-orderby=\"&#8221;title&#8221;\" data-initorderby=\"&#8221;title&#8221;\" data-url-navigation=\"off\" data-url-history=\"on|reload\" data-ajax-filters=\"off\" data-doing-ajax=\"off\" data-module=\"dpdfg_filtergrid_0\" data-search=\"&#8221;on&#8221;\" data-search-position=\"above\" data-terms-tags=\"on\" data-pagination=\"on\" data-filter-method=\"default\" data-third-party=\"\" data-lightbox=\"on|||\" data-video-preview=\"off\" data-no-init=\"off\" data-st=\"on\" data-no-results=\"off\"><div class=\"dp-dfg-filters dp-dfg-filters-buttons-layout\" data-layout=\"button\" data-orderby=\"id\" data-hierarchy-levels=\"off\"><\/div><!-- DPDFG End Filters Container --><div class=\"dp-dfg-items\"><article id=\"post-3290\" class=\"dp-dfg-item post-3290 post type-post status-publish format-standard hentry category-sin-categorizar\"  data-link=\"https:\/\/alipanc.org\/en\/alipanc-online-seminar-april-13th-1400h-cet\/\"    data-position=\"0\"   data-new-tab=\"off\"   data-action-priority=\"item\"><div class=\"dp-dfg-header entry-header\"><&#8221;h6&#8243; class=\"entry-title\">ALIPANC Online Seminar &#8211; April 13th, 14:00h CET<\/&#8221;h6&#8243;><\/div><div class=\"dp-dfg-content entry-summary\">Speaker: Prof. Andreas Trumpp\nAffiliation: German Cancer Research Center (DKFZ) &amp; HI-STEM\nTitle: \"Profiling ...<\/div><\/article><!-- DPDFG End Post Item Container --><article id=\"post-3271\" class=\"dp-dfg-item post-3271 post type-post status-publish format-standard hentry category-sin-categorizar\"  data-link=\"https:\/\/alipanc.org\/en\/folate-and-acd47-functionalized-lipid-nanoparticles-efficiently-deliver-mrna-and-remodel-pancreatic-tumor-microenvironment\/\"    data-position=\"1\"   data-new-tab=\"off\"   data-action-priority=\"item\"><div class=\"dp-dfg-header entry-header\"><&#8221;h6&#8243; class=\"entry-title\">Folate- and aCD47-functionalized lipid nanoparticles efficiently deliver mRNA and remodel pancreatic tumor microenvironment.<\/&#8221;h6&#8243;><\/div><div class=\"dp-dfg-content entry-summary\">ALIPANC researchers demonstrate that functionalization of lipid nanoparticles with \"don't eat me signal\" blocking ...<\/div><\/article><!-- DPDFG End Post Item Container --><article id=\"post-3256\" class=\"dp-dfg-item post-3256 post type-post status-publish format-standard hentry category-sin-categorizar\"  data-link=\"https:\/\/alipanc.org\/en\/the-3rd-scientific-meeting-of-alipanc-brings-together-more-than-80-experts-to-promote-translational-research-in-pancreatic-cancer\/\"    data-position=\"2\"   data-new-tab=\"off\"   data-action-priority=\"item\"><div class=\"dp-dfg-header entry-header\"><&#8221;h6&#8243; class=\"entry-title\">3rd ALIPANC Scientific Meeting on Pancreatic Cancer<\/&#8221;h6&#8243;><\/div><div class=\"dp-dfg-content entry-summary\">The 3rd Scientific Meeting of ALIPANC brings together more than 80 experts to promote translational research in ...<\/div><\/article><!-- DPDFG End Post Item Container --><article id=\"post-3150\" class=\"dp-dfg-item post-3150 post type-post status-publish format-standard hentry\"  data-link=\"https:\/\/alipanc.org\/en\/registration-now-open-for-the-2026-annual-scientific-meeting\/\"    data-position=\"3\"   data-new-tab=\"off\"   data-action-priority=\"item\"><div class=\"dp-dfg-header entry-header\"><&#8221;h6&#8243; class=\"entry-title\">Annual Scientific Meeting 2026<\/&#8221;h6&#8243;><\/div><div class=\"dp-dfg-content entry-summary\">March 13, 2026\nHospital Universitario HM Sanchinarro (Madrid).\nOn-site event\n\nScientific Coordination:\nJorge Adeva ...<\/div><\/article><!-- DPDFG End Post Item Container --><article id=\"post-3137\" class=\"dp-dfg-item post-3137 post type-post status-publish format-standard hentry category-sin-categorizar\"  data-link=\"https:\/\/alipanc.org\/en\/cnio-seminar-dr-florencia-mcallister-cancer-as-an-ecosystem-how-microbes-shape-tumors\/\"    data-position=\"4\"   data-new-tab=\"off\"   data-action-priority=\"item\"><div class=\"dp-dfg-header entry-header\"><&#8221;h6&#8243; class=\"entry-title\">CNIO Seminar: Dr. Florencia McAllister &#8211; &#8220;Cancer as an ecosystem: how microbes shape tumors&#8221;.<\/&#8221;h6&#8243;><\/div><div class=\"dp-dfg-content entry-summary\">We are pleased to announce an upcoming seminar of special interest to the pancreatic cancer research ...<\/div><\/article><!-- DPDFG End Post Item Container --><article id=\"post-3094\" class=\"dp-dfg-item post-3094 post type-post status-publish format-standard has-post-thumbnail hentry category-sin-categorizar\"     data-position=\"5\"   data-new-tab=\"off\"   data-action-priority=\"item\"><div class=\"dp-dfg-header entry-header\"><&#8221;h6&#8243; class=\"entry-title\">ALIPANC researchers conducted a study that links venous thromboembolic disease (VTE) with poorer survival in pancreatic cancer patients<\/&#8221;h6&#8243;><\/div><div class=\"dp-dfg-content entry-summary\">The group led by Andr\u00e9s Mu\u00f1oz (Gregorio Mara\u00f1\u00f3n Hospital, Madrid) has published a subanalysis of the ...<\/div><\/article><!-- DPDFG End Post Item Container --><article id=\"post-3036\" class=\"dp-dfg-item post-3036 post type-post status-publish format-standard has-post-thumbnail hentry category-sin-categorizar\"     data-position=\"6\"   data-new-tab=\"off\"   data-action-priority=\"item\"><div class=\"dp-dfg-header entry-header\"><&#8221;h6&#8243; class=\"entry-title\">Pancreatic Cancer Conference, London 2026 &#8211; Cancer Research UK<\/&#8221;h6&#8243;><\/div><div class=\"dp-dfg-content entry-summary\">Registration is now open for the Pancreatic Cancer Conference organised by Cancer Research UK. The event will take ...<\/div><\/article><!-- DPDFG End Post Item Container --><article id=\"post-2971\" class=\"dp-dfg-item post-2971 post type-post status-publish format-standard hentry category-sin-categorizar\"  data-link=\"https:\/\/alipanc.org\/en\/alpanc-researchers-publish-study-protocol-comparing-3d-modeling-versus-conventional-ct\/\"    data-position=\"7\"   data-new-tab=\"off\"   data-action-priority=\"item\"><div class=\"dp-dfg-header entry-header\"><&#8221;h6&#8243; class=\"entry-title\">ALPANC researchers publish study protocol comparing 3D modeling versus conventional CT<\/&#8221;h6&#8243;><\/div><div class=\"dp-dfg-content entry-summary\">3D-PANC study protocol: Is three-dimensional imaging technology superior to computed tomography for assessing the ...<\/div><\/article><!-- DPDFG End Post Item Container --><article id=\"post-3009\" class=\"dp-dfg-item post-3009 post type-post status-publish format-standard has-post-thumbnail hentry category-sin-categorizar\"     data-position=\"8\"   data-new-tab=\"off\"   data-action-priority=\"item\"><div class=\"dp-dfg-header entry-header\"><&#8221;h6&#8243; class=\"entry-title\">New potential therapeutic target for pancreatic cancer identified by ALIPANC researchers<\/&#8221;h6&#8243;><\/div><div class=\"dp-dfg-content entry-summary\">The study by Parejo-Alonso et al. identifies PPAR-\u03b4 as a critical transcription factor mediating pancreatic cancer ...<\/div><\/article><!-- DPDFG End Post Item Container --><article id=\"post-2999\" class=\"dp-dfg-item post-2999 post type-post status-publish format-standard hentry category-sin-categorizar\"  data-link=\"https:\/\/alipanc.org\/en\/alipanc-researchers-develop-a-new-therapeutic-combination-in-preclinical-models-of-pancreatic-cancer\/\"    data-position=\"9\"   data-new-tab=\"off\"   data-action-priority=\"item\"><div class=\"dp-dfg-header entry-header\"><&#8221;h6&#8243; class=\"entry-title\">ALIPANC researchers develop a new therapeutic combination in preclinical models of pancreatic cancer.<\/&#8221;h6&#8243;><\/div><div class=\"dp-dfg-content entry-summary\">This study conducted by researchers from Vigo presents an innovative sequential therapeutic strategy against ...<\/div><\/article><!-- DPDFG End Post Item Container --><\/div><div class=\"dp-dfg-announcer screen-reader-text\" aria-live=\"polite\" aria-atomic=\"true\"><\/div><\/div><!-- DPDFG End Main Container --><div class=\"dp-dfg-data dp-dfg-hide\"><div class=\"dp-dfg-ajax-data\" data-ajax=\"{&quot;custom_query&quot;:&quot;&amp;#8221;advanced&amp;#8221;&quot;,&quot;support_for&quot;:&quot;sfp&quot;,&quot;sfp_id&quot;:&quot;&quot;,&quot;include_categories&quot;:&quot;&quot;,&quot;current_post_type&quot;:&quot;on&quot;,&quot;multiple_cpt&quot;:&quot;&amp;#8221;grupo&amp;#8221;&quot;,&quot;use_taxonomy_terms&quot;:&quot;&amp;#8221;on&amp;#8221;&quot;,&quot;multiple_taxonomies&quot;:&quot;&amp;#8221;investigacion&amp;#8221;&quot;,&quot;taxonomies_relation&quot;:&quot;&amp;#8221;AND&amp;#8221;&quot;,&quot;include_terms&quot;:&quot;&amp;#8221;45,46,59,63,61&amp;#8243;&quot;,&quot;terms_relation&quot;:&quot;IN&quot;,&quot;include_children_terms&quot;:&quot;on&quot;,&quot;exclude_taxonomies&quot;:&quot;category&quot;,&quot;exclude_taxonomies_relation&quot;:&quot;OR&quot;,&quot;exclude_terms&quot;:&quot;&quot;,&quot;meta_query&quot;:&quot;off&quot;,&quot;meta_cf_key&quot;:&quot;&quot;,&quot;meta_cf_value&quot;:&quot;&quot;,&quot;meta_cf_compare&quot;:&quot;Equal To&quot;,&quot;meta_cf_type&quot;:&quot;CHAR&quot;,&quot;related_taxonomies&quot;:&quot;&quot;,&quot;related_criteria&quot;:&quot;one_in_one&quot;,&quot;posts_ids&quot;:&quot;&quot;,&quot;post_number&quot;:&quot;&amp;#8221;30&amp;#8243;&quot;,&quot;offset_number&quot;:&quot;0&quot;,&quot;order&quot;:&quot;&amp;#8221;ASC&amp;#8221;&quot;,&quot;orderby&quot;:&quot;&amp;#8221;title&amp;#8221;&quot;,&quot;meta_key&quot;:&quot;&quot;,&quot;meta_type&quot;:&quot;CHAR&quot;,&quot;show_private&quot;:&quot;off&quot;,&quot;current_author&quot;:&quot;off&quot;,&quot;sticky_posts&quot;:&quot;off&quot;,&quot;remove_current_post&quot;:&quot;off&quot;,&quot;no_results&quot;:&quot;&amp;#8221;No&quot;,&quot;thumbnail_action&quot;:&quot;link&quot;,&quot;gallery_cf_name&quot;:&quot;&quot;,&quot;lightbox_elements&quot;:&quot;on|||&quot;,&quot;show_thumbnail&quot;:&quot;&amp;#8221;off&amp;#8221;&quot;,&quot;thumbnail_size&quot;:&quot;400x284&quot;,&quot;t_alt&quot;:&quot;title&quot;,&quot;use_overlay&quot;:&quot;&amp;#8221;off&amp;#8221;&quot;,&quot;show_title&quot;:&quot;on&quot;,&quot;title_link&quot;:&quot;&amp;#8221;on&amp;#8221;&quot;,&quot;show_post_meta&quot;:&quot;&amp;#8221;off&amp;#8221;&quot;,&quot;meta_separator&quot;:&quot; | &quot;,&quot;show_author&quot;:&quot;on&quot;,&quot;author_prefix_text&quot;:&quot;By &quot;,&quot;show_date&quot;:&quot;off&quot;,&quot;date_format&quot;:&quot;j \\\\d\\\\e F \\\\d\\\\e Y&quot;,&quot;show_terms&quot;:&quot;off&quot;,&quot;show_terms_taxonomy&quot;:&quot;category&quot;,&quot;terms_separator&quot;:&quot;,&quot;,&quot;terms_links&quot;:&quot;on&quot;,&quot;show_comments&quot;:&quot;off&quot;,&quot;show_content&quot;:&quot;&amp;#8221;on&amp;#8221;&quot;,&quot;content_length&quot;:&quot;excerpt&quot;,&quot;truncate_content&quot;:&quot;120&quot;,&quot;truncate_excerpt&quot;:&quot;&amp;#8221;on&amp;#8221;&quot;,&quot;strip_html&quot;:&quot;on&quot;,&quot;action_button&quot;:&quot;off&quot;,&quot;action_button_text&quot;:&quot;Click Action Button&quot;,&quot;read_more&quot;:&quot;off&quot;,&quot;read_more_text&quot;:&quot;Read More&quot;,&quot;read_more_window&quot;:&quot;off&quot;,&quot;show_custom_fields&quot;:&quot;off&quot;,&quot;custom_fields&quot;:&quot;&quot;,&quot;show_custom_content&quot;:&quot;off&quot;,&quot;custom_content_container&quot;:&quot;&amp;#8221;off&amp;#8221;&quot;,&quot;custom_url&quot;:&quot;off&quot;,&quot;custom_url_field_name&quot;:&quot;&quot;,&quot;custom_url_target&quot;:&quot;same&quot;,&quot;show_video_preview&quot;:&quot;off&quot;,&quot;video_module&quot;:&quot;off&quot;,&quot;video_action&quot;:&quot;play&quot;,&quot;video_action_priority&quot;:&quot;on&quot;,&quot;video_overlay&quot;:&quot;on&quot;,&quot;video_overlay_icon&quot;:&quot;on&quot;,&quot;video_icon&quot;:&quot;&amp;#x49;||divi||400&quot;,&quot;video_icon_color&quot;:&quot;#ffffff&quot;,&quot;video_overlay_color&quot;:&quot;rgba(0,0,0,0.6)&quot;,&quot;show_filters&quot;:&quot;on&quot;,&quot;multilevel&quot;:&quot;off&quot;,&quot;multilevel_hierarchy&quot;:&quot;off&quot;,&quot;multilevel_hierarchy_tax&quot;:&quot;[{\\&quot;name\\&quot;:\\&quot;category\\&quot;,\\&quot;label\\&quot;:\\&quot;\\&quot;,\\&quot;all\\&quot;:\\&quot;\\&quot;}]&quot;,&quot;multilevel_relation&quot;:&quot;AND&quot;,&quot;multilevel_tax_data&quot;:&quot;[{\\&quot;name\\&quot;:\\&quot;category\\&quot;,\\&quot;label\\&quot;:\\&quot;\\&quot;,\\&quot;all\\&quot;:\\&quot;\\&quot;}]&quot;,&quot;filter_children_terms&quot;:&quot;on&quot;,&quot;use_custom_terms_filters&quot;:&quot;off&quot;,&quot;filter_taxonomies&quot;:&quot;&amp;#8221;investigacion&amp;#8221;&quot;,&quot;filter_terms&quot;:&quot;&amp;#8221;46,45,59&amp;#8243;&quot;,&quot;default_filter&quot;:&quot;All&quot;,&quot;filters_order&quot;:&quot;&amp;#8221;DESC&amp;#8221;&quot;,&quot;filters_sort&quot;:&quot;id&quot;,&quot;filters_custom&quot;:&quot;&quot;,&quot;hide_all&quot;:&quot;off&quot;,&quot;all_text&quot;:&quot;All&quot;,&quot;s_df&quot;:&quot;off&quot;,&quot;df_col&quot;:&quot;post_date&quot;,&quot;s_df_y&quot;:&quot;on&quot;,&quot;s_df_m&quot;:&quot;on&quot;,&quot;filter_layout&quot;:&quot;button&quot;,&quot;multifilter&quot;:&quot;off&quot;,&quot;multifilter_relation&quot;:&quot;OR&quot;,&quot;show_sort&quot;:&quot;off&quot;,&quot;cf_ob_name&quot;:&quot;&quot;,&quot;cf_ob_type&quot;:&quot;CHAR&quot;,&quot;ajax_filters&quot;:&quot;off&quot;,&quot;cache_on_page&quot;:&quot;off&quot;,&quot;show_pagination&quot;:&quot;on&quot;,&quot;pagination_type&quot;:&quot;paged&quot;,&quot;ajax_load_more_text&quot;:&quot;Load More&quot;,&quot;previous_icon&quot;:&quot;&amp;#x34;||divi||400&quot;,&quot;next_icon&quot;:&quot;&amp;#x35;||divi||400&quot;,&quot;previous_text&quot;:&quot;&amp;#8221;Previous&amp;#8221;&quot;,&quot;next_text&quot;:&quot;&amp;#8221;Next&amp;#8221;&quot;,&quot;pagination_pages&quot;:&quot;2&quot;,&quot;items_layout&quot;:&quot;&amp;#8221;dp-dfg-layout-flex&amp;#8221;&quot;,&quot;thumb_width&quot;:&quot;33%&quot;,&quot;items_width&quot;:&quot;20%&quot;,&quot;items_skin&quot;:&quot;dp-dfg-skin-default&quot;,&quot;primary_view&quot;:&quot;[{\\&quot;name\\&quot;:\\&quot;thumbnail\\&quot;,\\&quot;show\\&quot;:\\&quot;on\\&quot;},{\\&quot;name\\&quot;:\\&quot;overlay\\&quot;,\\&quot;show\\&quot;:\\&quot;on\\&quot;},{\\&quot;name\\&quot;:\\&quot;title\\&quot;,\\&quot;show\\&quot;:\\&quot;off\\&quot;},{\\&quot;name\\&quot;:\\&quot;meta\\&quot;,\\&quot;show\\&quot;:\\&quot;off\\&quot;},{\\&quot;name\\&quot;:\\&quot;ext\\&quot;,\\&quot;show\\&quot;:\\&quot;off\\&quot;},{\\&quot;name\\&quot;:\\&quot;content\\&quot;,\\&quot;show\\&quot;:\\&quot;off\\&quot;},{\\&quot;name\\&quot;:\\&quot;action_button\\&quot;,\\&quot;show\\&quot;:\\&quot;off\\&quot;},{\\&quot;name\\&quot;:\\&quot;read_more_button\\&quot;,\\&quot;show\\&quot;:\\&quot;off\\&quot;},{\\&quot;name\\&quot;:\\&quot;custom_content\\&quot;,\\&quot;show\\&quot;:\\&quot;off\\&quot;}]&quot;,&quot;secondary_view&quot;:&quot;[{\\&quot;name\\&quot;:\\&quot;thumbnail\\&quot;,\\&quot;show\\&quot;:\\&quot;off\\&quot;},{\\&quot;name\\&quot;:\\&quot;title\\&quot;,\\&quot;show\\&quot;:\\&quot;on\\&quot;},{\\&quot;name\\&quot;:\\&quot;meta\\&quot;,\\&quot;show\\&quot;:\\&quot;on\\&quot;},{\\&quot;name\\&quot;:\\&quot;ext\\&quot;,\\&quot;show\\&quot;:\\&quot;on\\&quot;},{\\&quot;name\\&quot;:\\&quot;content\\&quot;,\\&quot;show\\&quot;:\\&quot;on\\&quot;},{\\&quot;name\\&quot;:\\&quot;action_button\\&quot;,\\&quot;show\\&quot;:\\&quot;on\\&quot;},{\\&quot;name\\&quot;:\\&quot;read_more_button\\&quot;,\\&quot;show\\&quot;:\\&quot;on\\&quot;},{\\&quot;name\\&quot;:\\&quot;custom_content\\&quot;,\\&quot;show\\&quot;:\\&quot;on\\&quot;}]&quot;,&quot;popup_template&quot;:&quot;default&quot;,&quot;popup_link_target&quot;:&quot;none&quot;,&quot;popup_code&quot;:&quot;&quot;,&quot;use_overlay_icon&quot;:&quot;on&quot;,&quot;hover_icon&quot;:&quot;&amp;#xe050;||divi||400&quot;,&quot;overlay_icon_color&quot;:&quot;#2ea3f2&quot;,&quot;hover_overlay_color&quot;:&quot;rgba(255,255,255,0.9)&quot;,&quot;show_search&quot;:&quot;&amp;#8221;on&amp;#8221;&quot;,&quot;search_position&quot;:&quot;above&quot;,&quot;orderby_search&quot;:&quot;on&quot;,&quot;relevanssi&quot;:&quot;&amp;#8221;on&amp;#8221;&quot;,&quot;bg_items&quot;:&quot;&quot;,&quot;admin_label&quot;:&quot;&amp;#8221;Divi&quot;,&quot;module_id&quot;:&quot;&quot;,&quot;module_class&quot;:&quot;&quot;,&quot;dpdfg_entry_title_level&quot;:&quot;&amp;#8221;h6&amp;#8243;&quot;,&quot;read_more_button_icon&quot;:&quot;&quot;,&quot;action_button_icon&quot;:&quot;&quot;,&quot;the_ID&quot;:0,&quot;the_author&quot;:3,&quot;seed&quot;:9986,&quot;query_context&quot;:&quot;initial_query&quot;,&quot;conditional_tags&quot;:{&quot;is_user_logged_in&quot;:&quot;off&quot;,&quot;is_front_page&quot;:&quot;off&quot;,&quot;is_singular&quot;:&quot;off&quot;,&quot;is_archive&quot;:&quot;off&quot;,&quot;is_search&quot;:&quot;off&quot;,&quot;is_tax&quot;:&quot;off&quot;,&quot;is_author&quot;:&quot;off&quot;,&quot;is_date&quot;:&quot;off&quot;,&quot;is_post_type&quot;:&quot;off&quot;},&quot;query_var&quot;:{&quot;s&quot;:&quot;&quot;,&quot;year&quot;:&quot;&quot;,&quot;monthnum&quot;:&quot;&quot;,&quot;day&quot;:&quot;&quot;,&quot;post_type&quot;:&quot;&quot;},&quot;custom_data&quot;:[]}\"><\/div><div class=\"dp-dfg-no-results-data\"><div class=\"dp-dfg-no-results\">&#8221;No<\/div><\/div><div class=\"dp-dfg-loader-data\"><div class=\"dp-dfg-loader-wrapper dp-dfg-loader\"><\/div><\/div><\/div>\n\t\t\t\t<\/div>\n\t\t\t<\/div><\/p>\n","protected":false},"author":3,"featured_media":0,"parent":0,"menu_order":0,"comment_status":"closed","ping_status":"closed","template":"","meta":{"_et_pb_use_builder":"on","_et_pb_old_content":"","_et_gb_content_width":"","inline_featured_image":false,"footnotes":""},"class_list":["post-1269","page","type-page","status-publish","hentry"],"_links":{"self":[{"href":"https:\/\/alipanc.org\/en\/wp-json\/wp\/v2\/pages\/1269","targetHints":{"allow":["GET"]}}],"collection":[{"href":"https:\/\/alipanc.org\/en\/wp-json\/wp\/v2\/pages"}],"about":[{"href":"https:\/\/alipanc.org\/en\/wp-json\/wp\/v2\/types\/page"}],"author":[{"embeddable":true,"href":"https:\/\/alipanc.org\/en\/wp-json\/wp\/v2\/users\/3"}],"replies":[{"embeddable":true,"href":"https:\/\/alipanc.org\/en\/wp-json\/wp\/v2\/comments?post=1269"}],"version-history":[{"count":5,"href":"https:\/\/alipanc.org\/en\/wp-json\/wp\/v2\/pages\/1269\/revisions"}],"predecessor-version":[{"id":3130,"href":"https:\/\/alipanc.org\/en\/wp-json\/wp\/v2\/pages\/1269\/revisions\/3130"}],"wp:attachment":[{"href":"https:\/\/alipanc.org\/en\/wp-json\/wp\/v2\/media?parent=1269"}],"curies":[{"name":"wp","href":"https:\/\/api.w.org\/{rel}","templated":true}]}}